{"id":3,"date":"2023-11-08T11:43:18","date_gmt":"2023-11-08T11:43:18","guid":{"rendered":"http:\/\/villamari.cambia-marketing.it\/?page_id=3"},"modified":"2024-01-03T08:59:42","modified_gmt":"2024-01-03T08:59:42","slug":"privacy-policy","status":"publish","type":"page","link":"https:\/\/villamari.it\/en\/privacy-policy\/","title":{"rendered":"Privacy Policy"},"content":{"rendered":"<p>In questa pagina si descrivono le modalit\u00e0 di gestione del sito in riferimento al trattamento dei dati personali degli utenti che lo consultano. Si tratta di un\u2019informativa che \u00e8 resa anche ai sensi dell\u2019art. 13 del d.lgs. n. 196\/2003 \u2013 Codice in materia di protezione dei dati personali e dell\u2019art. 13 del Regolamento UE n. 2016\/679, a coloro che interagiscono con i servizi web del sito internet http:\/\/www.villamari.it\/, accessibili per via telematica a partire dall\u2019indirizzo: http:\/\/www.villamari.it\/ corrispondente alla pagina iniziale del sito ufficiale di Hotel Galvani.<\/p>\n\n\n\n<p>L\u2019informativa \u00e8 resa solo per il sito http:\/\/www.villamari.it\/ e non anche per altri siti web eventualmente consultati dall\u2019utente tramite link.<\/p>\n\n\n\n<p>L\u2019informativa si ispira anche alla Raccomandazione n. 2\/2001 che le autorit\u00e0 europee per la protezione dei dati personali, riunite nel Gruppo istituito dall\u2019art. 29 della direttiva n. 95\/46\/CE, hanno adottato il 17 maggio 2001 per individuare alcuni requisiti minimi per la raccolta di dati personali on-line, e, in particolare, le modalit\u00e0, i tempi e la natura delle informazioni che i titolari del trattamento devono fornire agli utenti quando questi si collegano a pagine web, indipendentemente dagli scopi del collegamento.<\/p>\n\n\n\n<p>La Raccomandazione e una descrizione di sintesi delle sue finalit\u00e0 sono riportate in altre pagine di questo sito.<\/p>\n\n\n\n<p><strong>IL \u201cTITOLARE\u201d DEL TRATTAMENTO<\/strong><\/p>\n\n\n\n<p>A seguito della consultazione di questo sito possono essere trattati dati relativi a persone identificate o identificabili.<\/p>\n\n\n\n<p>Il \u201ctitolare\u201d del loro trattamento \u00e8 S.A.R.A. Collettivit\u00e0 di Mario Stroppa\u00a0&amp;\u00a0C.\u00a0s.a.s., che ha sede in Villa Mari 06035 gualdo Cattaneo,\u00a0Perugia \u2013 Partita Iva 013673405442 \u2013 R.E.A. VR-194858 \u2013 Email: <a href=\"mailto:villamari.umbria@gmail.com\" target=\"_blank\" rel=\"noreferrer noopener\">villamari.umbria@gmail.com<\/a> <\/p>\n\n\n\n<p><strong>LUOGO DI TRATTAMENTO DEI DATI<\/strong><\/p>\n\n\n\n<p>I trattamenti connessi ai servizi web di questo sito hanno luogo presso Villamari, e sono curati solo da personale tecnico dell\u2019Ufficio incaricato del trattamento, oppure da eventuali incaricati di occasionali operazioni di manutenzione.<\/p>\n\n\n\n<p>Nessun dato derivante dal servizio web viene comunicato o diffuso.<\/p>\n\n\n\n<p>I dati personali forniti dagli utenti che inoltrano richieste di invio di materiale informativo sono utilizzati al solo fine di eseguire il servizio o la prestazione richiesta e sono comunicati a terzi nel solo caso in cui ci\u00f2 sia a tal fine necessario.<\/p>\n\n\n\n<p><strong>TIPI DI DATI TRATTATI<\/strong><\/p>\n\n\n\n<p><strong>Dati di navigazione<\/strong><\/p>\n\n\n\n<p>I sistemi informatici e le procedure software preposte al funzionamento di questo sito web acquisiscono, nel corso del loro normale esercizio, alcuni dati personali la cui trasmissione \u00e8 implicita nell\u2019uso dei protocolli di comunicazione di Internet.<\/p>\n\n\n\n<p>Si tratta di informazioni che non sono raccolte per essere associate a interessati identificati, ma che per loro stessa natura potrebbero, attraverso elaborazioni ed associazioni con dati detenuti da terzi, permettere di identificare gli utenti.<\/p>\n\n\n\n<p>In questa categoria di dati rientrano gli indirizzi IP o i nomi a dominio dei computer utilizzati dagli utenti che si connettono al sito, gli indirizzi in notazione URI (Uniform Resource Identifier) delle risorse richieste, l\u2019orario della richiesta, il metodo utilizzato nel sottoporre la richiesta al server, la dimensione del file ottenuto in risposta, il codice numerico indicante lo stato della risposta data dal server (buon fine, errore, ecc.) ed altri parametri relativi al sistema operativo e all\u2019ambiente informatico dell\u2019utente.<\/p>\n\n\n\n<p>Questi dati vengono utilizzati al solo fine di ricavare informazioni statistiche anonime sull\u2019uso del sito e per controllarne il corretto funzionamento e vengono cancellati immediatamente dopo l\u2019elaborazione. I dati potrebbero essere utilizzati per l\u2019accertamento di responsabilit\u00e0 in caso di ipotetici reati informatici ai danni del sito: salva questa eventualit\u00e0, allo stato i dati sui contatti web non persistono per pi\u00f9 di sette giorni.<\/p>\n\n\n\n<p><strong>Dati forniti volontariamente dall\u2019utente<\/strong><\/p>\n\n\n\n<p>L\u2019invio facoltativo, esplicito e volontario di posta elettronica agli indirizzi indicati su questo sito comporta la successiva acquisizione dell\u2019indirizzo del mittente, necessario per rispondere alle richieste, nonch\u00e9 degli eventuali altri dati personali inseriti nella missiva.<\/p>\n\n\n\n<p>Specifiche informative di sintesi verranno progressivamente riportate o visualizzate nelle pagine del sito predisposte per particolari servizi a richiesta.<\/p>\n\n\n\n<p><strong>COOKIES<\/strong><\/p>\n\n\n\n<p><strong>Che cosa \u00e8 un cookie?<\/strong><\/p>\n\n\n\n<p>Un cookie \u00e8 un piccolo file di testo che viene memorizzato dal computer nel momento in cui un sito web viene visitato da un utente. Il testo memorizza informazioni che il sito \u00e8 in grado di leggere nel momento in cui viene consultato in un secondo momento. Alcuni di questi cookies sono necessari al corretto funzionamento del sito, altri sono invece utili al visitatore perch\u00e9 in grado di memorizzare in modo sicuro ad esempio il nome utente o le impostazioni di lingua. Il vantaggio di avere dei cookies installati nel proprio pc \u00e8 quello di non aver pi\u00f9 bisogno di compilare le stesse informazioni ogni qualvolta si voglia accedere ad un sito visitato in precedenza.<\/p>\n\n\n\n<p><strong>Perch\u00e8 il nostro sito utilizza i cookies?<\/strong><\/p>\n\n\n\n<p>Il nostro sito utilizza i cookies al fine di fornire ai propri clienti un\u2019esperienza di acquisto modellata il pi\u00f9 possibile intorno ai suoi gusti e preferenze. Tramite i cookies facciamo in modo che ad ogni visita sul sito non si debbano ricevere o inserire le stesse informazioni. I cookies vengono utilizzati anche al fine di ottimizzare le prestazioni del sito web: essi infatti rendono pi\u00f9 facile sia il procedimento finale di acquisto che la ricerca veloce di elementi e prodotti specifici all\u2019interno del sito. Al fine di proteggere i propri dati personali da possibili perdite e da qualsiasi forma di trattamento illecito abbiamo preso opportune misure tecniche ed organizzative. Per ulteriori informazioni si prega di consultare la nostra Informativa sulla privacy.<\/p>\n\n\n\n<p><strong>Che tipo di cookie utilizziamo e a quale scopo?<\/strong><\/p>\n\n\n\n<p>Il nostro sito utilizza diverse tipologie di cookie, ognuno dei quali ha una funzione specifica.<\/p>\n\n\n\n<p><strong>Cookie di navigazione<\/strong><\/p>\n\n\n\n<p>Questi cookie permettono al sito di funzionare correttamente e ti permettono di visualizzare i contenuti nella tua lingua e per il tuo mercato fin dal primo accesso. Sono in grado di riconoscere da quale Paese ti stai connettendo e fanno in modo che, ogni volta che visiterai il sito, sarai automaticamente indirizzato alla versione del sito per il tuo Paese. Ti permettono anche di creare un account, effettuare il login e gestire i tuoi ordini. Se sei un utente registrato, grazie ai cookie il sito potr\u00e0 riconoscerti come tale quando accederai ai servizi offerti agli utenti registrati. Questi cookie ti riconosceranno se farai acquisti sul sito tramite un sito affiliato o partner, in modo da permetterci di adempiere agli obblighi nei confronti dei siti partner. Questi cookie sono necessari al funzionamento del sito.<\/p>\n\n\n\n<p><strong>Cookie funzionali<\/strong><\/p>\n\n\n\n<p>Questi cookie non sono indispensabili per il funzionamento del sito, ma migliorano la qualit\u00e0 e l\u2019esperienza di navigazione.<\/p>\n\n\n\n<p><strong>Cookie analitici<\/strong><\/p>\n\n\n\n<p>Questi cookie sono utilizzati ad esempio da Google Analytics per elaborare analisi statistiche sulle modalit\u00e0 di navigazione degli utenti sul sito attraverso i computer o le applicazioni mobile, sul numero di pagine visitate o il numero di click effettuati su una pagina durante la navigazione di un sito. Trattiamo i risultati di queste analisi in maniera anonima ed esclusivamente per finalit\u00e0 statistiche solo se il fornitore di servizi utilizza i cookie in connessione al browser installato sul tuo computer o su altri dispositivi utilizzati per navigare sul nostro sito.<\/p>\n\n\n\n<p>Come posso disattivare i cookies mediante la configurazione del browser?<\/p>\n\n\n\n<p>\u00e8 possibile modificare il browser per disattivare i cookies tramite una procedura molto semplice. Attenzione: disattivando i cookies sia nome utente che password non saranno pi\u00f9 memorizzati sul box di login del sito. La maggior parte dei browser (Internet Explorer, Firefox, etc.) sono configurati per accettare i cookie. Tuttavia, la maggior parte dei browser permette di controllare e anche disabilitare i cookie attraverso le impostazioni del browser. Ti ricordiamo per\u00f2 che disabilitare i cookie di navigazione o quelli funzionali pu\u00f2 causare il malfunzionamento del sito e\/o limitare il servizio da noi offerto.<\/p>\n\n\n\n<p>Per saperne di pi\u00f9 sui cookie e come gestire o disabilitare quelli di terze parti o di marketing\/retargeting, puoi visitare www.youronlinechoices.com. Invece per disabilitare i cookie analitici e per impedire a Google Analytics di raccogliere dati sulla tua navigazione, puoi scaricare il componente aggiuntivo del browser per la disattivazione di Google Analytics: tools.google.com\/dlpage\/gaoptout.<\/p>\n\n\n\n<p><strong>Google Chrome<\/strong>:<\/p>\n\n\n\n<p>\u2022 Eseguire il Browser Chrome<\/p>\n\n\n\n<p>\u2022 Fare click sul men\u00f9 chrome impostazioni presente nella barra degli strumenti del browser a fianco della finestra di inserimento url per la navigazione<\/p>\n\n\n\n<p>\u2022 Selezionare Impostazioni<\/p>\n\n\n\n<p>\u2022 Fare clic su Mostra Impostazioni Avanzate<\/p>\n\n\n\n<p>\u2022 Nella sezione \u201cPrivacy\u201d fare clic su bottone \u201cImpostazioni contenuti\u201d<\/p>\n\n\n\n<p>\u2022 Nella sezione \u201cCookie\u201d \u00e8 possibile modificare le seguenti impostazioni relative ai cookie:<\/p>\n\n\n\n<p>\u2022 Consentire il salvataggio dei dati in locale<\/p>\n\n\n\n<p>\u2022 Modificare i dati locali solo fino alla chiusura del browser<\/p>\n\n\n\n<p>\u2022 Impedire ai siti di impostare i cookie<\/p>\n\n\n\n<p>\u2022 Bloccare i cookie di terze parti e i dati dei siti<\/p>\n\n\n\n<p>\u2022 Gestire le eccezioni per alcuni siti internet<\/p>\n\n\n\n<p>\u2022 Eliminazione di uno o tutti i cookie<\/p>\n\n\n\n<p>Per maggiori informazioni visita la pagina dedicata.<\/p>\n\n\n\n<p><strong>Mozilla Firefox<\/strong>:<\/p>\n\n\n\n<p>\u2022 Eseguire il Browser Mozilla Firefox<\/p>\n\n\n\n<p>\u2022 Fare click sul men\u00f9 firefox impostazioni presente nella barra degli strumenti del browser a fianco della finestra di inserimento url per la navigazione<\/p>\n\n\n\n<p>\u2022 Selezionare Opzioni<\/p>\n\n\n\n<p>\u2022 Seleziona il pannello Privacy<\/p>\n\n\n\n<p>\u2022 Fare clic su Mostra Impostazioni Avanzate<\/p>\n\n\n\n<p>\u2022 Nella sezione \u201cPrivacy\u201d fare clic su bottone \u201cImpostazioni contenuti\u201d<\/p>\n\n\n\n<p>\u2022 Nella sezione \u201cTracciamento\u201d \u00e8 possibile modificare le seguenti impostazioni relative ai cookie:<\/p>\n\n\n\n<p>\u2022 Richiedi ai siti di non effettuare alcun tracciamento<\/p>\n\n\n\n<p>\u2022 Comunica ai siti la disponibilit\u00e0 ad essere tracciato<\/p>\n\n\n\n<p>\u2022 Non comunicare alcuna preferenza relativa al tracciamento dei dati personali<\/p>\n\n\n\n<p>\u2022 Dalla sezione \u201cCronologia\u201d \u00e8 possibile:<\/p>\n\n\n\n<p>\u2022 Abilitando \u201cUtilizza impostazioni personalizzate\u201d selezionare di accettare i cookie di terze parti (sempre, dai siti pi\u00f9 visitato o mai) e di conservarli per un periodo determinato (fino alla loro scadenza, alla chiusura di<\/p>\n\n\n\n<p>Firefox o di chiedere ogni volta)<\/p>\n\n\n\n<p>\u2022 Rimuovere i singoli cookie immagazzinati<\/p>\n\n\n\n<p>Per maggiori informazioni visita la pagina dedicata.<\/p>\n\n\n\n<p><strong>Internet Explorer<\/strong>:<\/p>\n\n\n\n<p>\u2022 Eseguire il Browser Internet Explorer<\/p>\n\n\n\n<p>\u2022 Fare click sul pulsante Strumenti e scegliere Opzioni Internet<\/p>\n\n\n\n<p>\u2022 Fare click sulla scheda Privacy e nella sezione Impostazioni modificare il dispositivo di scorrimento in funzione dell\u2019azione desiderata per i cookie:<\/p>\n\n\n\n<p>\u2022 Bloccare tutti i cookie<\/p>\n\n\n\n<p>\u2022 Consentire tutti i cookie<\/p>\n\n\n\n<p>\u2022 Selezione dei siti da cui ottenere cookie: spostare il cursore in una posizione intermedia in modo da non bloccare o consentire tutti i cookie, premere quindi su Siti, nella casella Indirizzo Sito Web inserire un sito internet e quindi premere su Blocca o Consenti<\/p>\n\n\n\n<p>Per maggiori informazioni visita la pagina dedicata.<\/p>\n\n\n\n<p><strong>Safari<\/strong>:<\/p>\n\n\n\n<p>\u2022 Eseguire il Browser Safari<\/p>\n\n\n\n<p>\u2022 Fare click su Safari, selezionare Preferenze e premere su Privacy<\/p>\n\n\n\n<p>\u2022 Nella sezione Blocca Cookie specificare come Safari deve accettare i cookie dai siti internet.<\/p>\n\n\n\n<p>\u2022 Per visionare quali siti hanno immagazzinato i cookie cliccare su Dettagli<\/p>\n\n\n\n<p>Per maggiori informazioni visita la pagina dedicata.<\/p>\n\n\n\n<p><strong>Safari iOS<\/strong>&nbsp;(dispositivi mobile):<\/p>\n\n\n\n<p>\u2022 Eseguire il Browser Safari iOS<\/p>\n\n\n\n<p>\u2022 Tocca su Impostazioni e poi Safari<\/p>\n\n\n\n<p>\u2022 Tocca su Blocca Cookie e scegli tra le varie opzioni: \u201cMai\u201d, \u201cDi terze parti e inserzionisti\u201d o \u201cSempre\u201d<\/p>\n\n\n\n<p>\u2022 Per cancellare tutti i cookie immagazzinati da Safari, tocca su Impostazioni, poi su Safari e infine su Cancella Cookie e dati<\/p>\n\n\n\n<p>Per maggiori informazioni visita la pagina dedicata.<\/p>\n\n\n\n<p><strong>Opera<\/strong>:<\/p>\n\n\n\n<p>\u2022 Eseguire il Browser Opera<\/p>\n\n\n\n<p>\u2022 Fare click sul Preferenze poi su Avanzate e infine su Cookie<\/p>\n\n\n\n<p>\u2022 Selezionare una delle seguenti opzioni:<\/p>\n\n\n\n<p>\u2022 Accetta tutti i cookie<\/p>\n\n\n\n<p>\u2022 Accetta i cookie solo dal sito che si visita: i cookie di terze parti e che vengono inviati da un dominio diverso da quello che si sta visitando verranno rifiutati<\/p>\n\n\n\n<p>\u2022 Non accettare mai i cookie: tutti i cookie non verranno mai salvati<\/p>\n\n\n\n<p>Per maggiori informazioni visita la pagina dedicata.<\/p>\n\n\n\n<p><strong>FACOLTATIVITA\u2019 DEL CONFERIMENTO DEI DATI<\/strong><\/p>\n\n\n\n<p>A parte quanto specificato per i dati di navigazione, l\u2019utente \u00e8 libero di fornire i dati personali riportati nei moduli di richiesta del sito o comunque indicati in contatti con l\u2019Ufficio per sollecitare l\u2019invio di materiale informativo o di altre comunicazioni.<\/p>\n\n\n\n<p>Il loro mancato conferimento pu\u00f2 comportare l\u2019impossibilit\u00e0 di ottenere quanto richiesto.<\/p>\n\n\n\n<p>Per completezza va ricordato che in alcuni casi (non oggetto dell\u2019ordinaria gestione di questo sito) l\u2019Autorit\u00e0 pu\u00f2 richiedere notizie e informazioni ai sensi dell\u2019art 157 del d.lgs. n. 196\/2003 e del Regolamento UE n. 2016\/679 (GDPR), ai fini del controllo sul trattamento dei dati personali. In questi casi la risposta \u00e8 obbligatoria a pena di sanzione amministrativa.<\/p>\n\n\n\n<p><strong>MODALITA\u2019 DEL TRATTAMENTO<\/strong><\/p>\n\n\n\n<p>I dati personali sono trattati con strumenti automatizzati per il tempo strettamente necessario a conseguire gli scopi per cui sono stati raccolti.<\/p>\n\n\n\n<p>Specifiche misure di sicurezza sono osservate per prevenire la perdita dei dati, usi illeciti o non corretti ed accessi non autorizzati.<\/p>\n\n\n\n<p><strong>DIRITTI DEGLI INTERESSATI<\/strong><\/p>\n\n\n\n<p>I soggetti cui si riferiscono i dati personali vengono tutelati dalle normative del d.lgs. n. 196\/2003 e Regolamento UE n. 2016\/679 GDPR) nei propri diritti alla riservatezza, correttezza, completezza, informazione sui trattamenti effettuati e accesso. Hanno pertanto il diritto in qualunque momento di ottenere la conferma dell\u2019esistenza o meno dei medesimi dati e di conoscerne il contenuto e l\u2019origine, verificarne l\u2019esattezza o chiederne l\u2019integrazione o l\u2019aggiornamento, oppure la rettificazione (art. 7 del d.lgs. n. 196\/2003 e art. 15 GDPR).<\/p>\n\n\n\n<p>Ai sensi del medesimo articolo si ha il diritto di chiedere la cancellazione, la trasformazione in forma anonima o il blocco dei dati trattati in violazione di legge, nonch\u00e9 di opporsi in ogni caso, per motivi legittimi, al loro trattamento.<\/p>\n\n\n\n<p>Le richieste vanno rivolte a<\/p>\n\n\n\n<p>Villamari, che ha sede Villa Mari 06035 gualdo Cattaneo,\u00a0Perugia \u2013 Partita Iva 013673405442 \u2013 R.E.A. VR-194858 \u2013 Email: <a href=\"mailto:villamari.umbria@gmail.com\" target=\"_blank\" rel=\"noreferrer noopener\">villamari.umbria@gmail.com<\/a> <\/p>\n\n\n\n<p>Questa pagina \u00e8 visibile, mediante link in calce in tutte le pagine del Sito ai sensi dell\u2019art. 122 secondo comma del D.lgs. 196\/2003 e Regolamento UE n. 2016\/679 GDPR e a seguito delle modalit\u00e0 semplificate per l\u2019informativa e l\u2019acquisizione del consenso per l\u2019uso dei cookie pubblicata sulla Gazzetta Ufficiale n.126 del 3 giugno 2014 e relativo registro dei provvedimenti n.229 dell\u20198 maggio.<\/p>","protected":false},"excerpt":{"rendered":"<p>In questa pagina si descrivono le modalit\u00e0 di gestione del sito in riferimento al trattamento dei dati personali degli utenti che lo consultano. Si tratta di un\u2019informativa che \u00e8 resa anche ai sensi dell\u2019art. 13 del d.lgs. n. 196\/2003 \u2013 Codice in materia di protezione dei dati personali e dell\u2019art. 13 del Regolamento UE n. [&hellip;]<\/p>","protected":false},"author":1,"featured_media":0,"parent":0,"menu_order":0,"comment_status":"closed","ping_status":"open","template":"","meta":{"footnotes":""},"class_list":["post-3","page","type-page","status-publish","hentry"],"_links":{"self":[{"href":"https:\/\/villamari.it\/en\/wp-json\/wp\/v2\/pages\/3","targetHints":{"allow":["GET"]}}],"collection":[{"href":"https:\/\/villamari.it\/en\/wp-json\/wp\/v2\/pages"}],"about":[{"href":"https:\/\/villamari.it\/en\/wp-json\/wp\/v2\/types\/page"}],"author":[{"embeddable":true,"href":"https:\/\/villamari.it\/en\/wp-json\/wp\/v2\/users\/1"}],"replies":[{"embeddable":true,"href":"https:\/\/villamari.it\/en\/wp-json\/wp\/v2\/comments?post=3"}],"version-history":[{"count":1,"href":"https:\/\/villamari.it\/en\/wp-json\/wp\/v2\/pages\/3\/revisions"}],"predecessor-version":[{"id":1111,"href":"https:\/\/villamari.it\/en\/wp-json\/wp\/v2\/pages\/3\/revisions\/1111"}],"wp:attachment":[{"href":"https:\/\/villamari.it\/en\/wp-json\/wp\/v2\/media?parent=3"}],"curies":[{"name":"wp","href":"https:\/\/api.w.org\/{rel}","templated":true}]}}